{"id":37,"date":"2018-11-26T15:17:36","date_gmt":"2018-11-26T15:17:36","guid":{"rendered":"http:\/\/www.theater-aesch.ch\/?page_id=37"},"modified":"2023-11-25T10:06:58","modified_gmt":"2023-11-25T10:06:58","slug":"vip-plaetze","status":"publish","type":"page","link":"https:\/\/www.theater-aesch.ch\/?page_id=37","title":{"rendered":"VIP-Pl\u00e4tze"},"content":{"rendered":"<p>Jeweils an der <strong>Freitagabend-Vorstellung\u00a0<\/strong>haben Sie die M\u00f6glichkeit, nicht nur einen gem\u00fctlichen und unterhaltsamen Abend bei uns zu verbringen, sondern diesen auch noch von A\u2013Z <strong><em>\u00aball inclusive\u00bb\u00a0<\/em><\/strong>zu geniessen.<\/p>\n<p>Sie geniessen unsere Vorstellung bequem und luxuri\u00f6s im <strong>Lounge-Sessel mit Tischli vorne im Saal<\/strong>.<\/p>\n<h4 style=\"text-align: center;\"><span style=\"color: #ff0000;\">Das VIP-Angebot enth\u00e4lt folgende Leistungen<\/span><\/h4>\n<p style=\"text-align: center;\">&#8211; Willkommens-C\u00fcpli<br \/>\n&#8211; Essen am h\u00fcbsch gedeckten Tisch<br \/>\n&#8211; Vorspeisensalat<br \/>\n&#8211; Hauptgang (Fleisch oder Vegi)<br \/>\n&#8211; 7 dl Wein zu Zweit<br \/>\n&#8211; Dessert und Kaffee mit Digestif<br \/>\n&#8211; Kaffe, Bier und Mineral <strong>\u00e0 discr\u00e9tion\u00a0<\/strong>bis Vorstellungsende<\/p>\n<p style=\"text-align: center;\">&#8211; Lounge-Sessel vorne im Saal<\/p>\n<p style=\"text-align: center;\"><strong>Preis\u00a0<\/strong>f\u00fcr das VIP-Package: \u00a0\u00a0<strong>99.-\/Person<\/strong><\/p>\n<p>Ideal auch als \u00dcberraschung oder Geschenk.<\/p>\n<style type=\"text\/css\">\r\n\t#foogallery-gallery-200 .fg-image {\r\n        width: 150px;\r\n    }\r\n<\/style>\r\n\t\t\t\t<div class=\"foogallery foogallery-container foogallery-default foogallery-lightbox-foobox fg-gutter-15 fg-center fg-default fg-light fg-border-thin fg-round-small fg-shadow-small fg-shadow-inset-medium fg-loading-dots fg-loaded-fade-in fg-caption-hover fg-hover-fade fg-hover-zoom fg-ready\" id=\"foogallery-gallery-200\" data-foogallery=\"{&quot;item&quot;:{&quot;showCaptionTitle&quot;:true,&quot;showCaptionDescription&quot;:true},&quot;lazy&quot;:true}\" >\r\n\t<div class=\"fg-item fg-type-image fg-idle\"><figure class=\"fg-item-inner\"><a href=\"https:\/\/www.theater-aesch.ch\/wp-content\/uploads\/2018\/11\/VIP-Sessel-2014.jpg\" data-caption-title=\"VIP-Sessel von vorne\" data-attachment-id=\"126\" data-type=\"image\" class=\"fg-thumb\"><span class=\"fg-image-wrap\"><img title=\"VIP-Sessel von vorne\" width=\"150\" height=\"150\" class=\"skip-lazy fg-image\" data-src-fg=\"https:\/\/www.theater-aesch.ch\/wp-content\/uploads\/cache\/2018\/11\/VIP-Sessel-2014\/4261007926.jpg\" src=\"data:image\/svg+xml,%3Csvg%20xmlns%3D%22http%3A%2F%2Fwww.w3.org%2F2000%2Fsvg%22%20width%3D%22150%22%20height%3D%22150%22%20viewBox%3D%220%200%20150%20150%22%3E%3C%2Fsvg%3E\" loading=\"eager\"><\/span><span class=\"fg-image-overlay\"><\/span><\/a><figcaption class=\"fg-caption\"><div class=\"fg-caption-inner\"><div class=\"fg-caption-title\">VIP-Sessel von vorne<\/div><\/div><\/figcaption><\/figure><div class=\"fg-loader\"><\/div><\/div><div class=\"fg-item fg-type-image fg-idle\"><figure class=\"fg-item-inner\"><a href=\"https:\/\/www.theater-aesch.ch\/wp-content\/uploads\/2018\/11\/VIP-von-hinten-2016.jpg\" data-caption-title=\"VIP-Sessel von hinten mit B\u00fchne\" data-attachment-id=\"127\" data-type=\"image\" class=\"fg-thumb\"><span class=\"fg-image-wrap\"><img title=\"VIP-Sessel von hinten mit B\u00fchne\" width=\"150\" height=\"150\" class=\"skip-lazy fg-image\" data-src-fg=\"https:\/\/www.theater-aesch.ch\/wp-content\/uploads\/cache\/2018\/11\/VIP-von-hinten-2016\/1628384897.jpg\" src=\"data:image\/svg+xml,%3Csvg%20xmlns%3D%22http%3A%2F%2Fwww.w3.org%2F2000%2Fsvg%22%20width%3D%22150%22%20height%3D%22150%22%20viewBox%3D%220%200%20150%20150%22%3E%3C%2Fsvg%3E\" loading=\"eager\"><\/span><span class=\"fg-image-overlay\"><\/span><\/a><figcaption class=\"fg-caption\"><div class=\"fg-caption-inner\"><div class=\"fg-caption-title\">VIP-Sessel von hinten mit B\u00fchne<\/div><\/div><\/figcaption><\/figure><div class=\"fg-loader\"><\/div><\/div><div class=\"fg-item fg-type-image fg-idle\"><figure class=\"fg-item-inner\"><a href=\"https:\/\/www.theater-aesch.ch\/wp-content\/uploads\/2018\/11\/VIP-Essbereich-2016.jpg\" data-caption-title=\"VIP Essbereich\" data-attachment-id=\"132\" data-type=\"image\" class=\"fg-thumb\"><span class=\"fg-image-wrap\"><img title=\"VIP Essbereich\" width=\"150\" height=\"150\" class=\"skip-lazy fg-image\" data-src-fg=\"https:\/\/www.theater-aesch.ch\/wp-content\/uploads\/cache\/2018\/11\/VIP-Essbereich-2016\/2607752698.jpg\" src=\"data:image\/svg+xml,%3Csvg%20xmlns%3D%22http%3A%2F%2Fwww.w3.org%2F2000%2Fsvg%22%20width%3D%22150%22%20height%3D%22150%22%20viewBox%3D%220%200%20150%20150%22%3E%3C%2Fsvg%3E\" loading=\"eager\"><\/span><span class=\"fg-image-overlay\"><\/span><\/a><figcaption class=\"fg-caption\"><div class=\"fg-caption-inner\"><div class=\"fg-caption-title\">VIP Essbereich<\/div><\/div><\/figcaption><\/figure><div class=\"fg-loader\"><\/div><\/div><div class=\"fg-item fg-type-image fg-idle\"><figure class=\"fg-item-inner\"><a href=\"https:\/\/www.theater-aesch.ch\/wp-content\/uploads\/2018\/12\/P1180529.jpg\" data-caption-title=\"VIP Essbereich\" data-attachment-id=\"202\" data-type=\"image\" class=\"fg-thumb\"><span class=\"fg-image-wrap\"><img title=\"VIP Essbereich\" width=\"150\" height=\"150\" class=\"skip-lazy fg-image\" data-src-fg=\"https:\/\/www.theater-aesch.ch\/wp-content\/uploads\/cache\/2018\/12\/P1180529\/2034043001.jpg\" src=\"data:image\/svg+xml,%3Csvg%20xmlns%3D%22http%3A%2F%2Fwww.w3.org%2F2000%2Fsvg%22%20width%3D%22150%22%20height%3D%22150%22%20viewBox%3D%220%200%20150%20150%22%3E%3C%2Fsvg%3E\" loading=\"eager\"><\/span><span class=\"fg-image-overlay\"><\/span><\/a><figcaption class=\"fg-caption\"><div class=\"fg-caption-inner\"><div class=\"fg-caption-title\">VIP Essbereich<\/div><\/div><\/figcaption><\/figure><div class=\"fg-loader\"><\/div><\/div><\/div>\r\n\n","protected":false},"excerpt":{"rendered":"<p>Jeweils an der Freitagabend-Vorstellung\u00a0haben Sie die M\u00f6glichkeit, nicht nur einen gem\u00fctlichen und unterhaltsamen Abend bei uns zu verbringen, sondern diesen auch noch von A\u2013Z \u00aball inclusive\u00bb\u00a0zu geniessen. Sie geniessen unsere Vorstellung bequem und luxuri\u00f6s im Lounge-Sessel mit Tischli vorne im Saal. Das VIP-Angebot enth\u00e4lt folgende Leistungen &#8211; Willkommens-C\u00fcpli &#8211; Essen am h\u00fcbsch gedeckten Tisch &#8211; [&hellip;]<\/p>\n","protected":false},"author":2,"featured_media":0,"parent":0,"menu_order":0,"comment_status":"closed","ping_status":"closed","template":"","meta":[],"_links":{"self":[{"href":"https:\/\/www.theater-aesch.ch\/index.php?rest_route=\/wp\/v2\/pages\/37"}],"collection":[{"href":"https:\/\/www.theater-aesch.ch\/index.php?rest_route=\/wp\/v2\/pages"}],"about":[{"href":"https:\/\/www.theater-aesch.ch\/index.php?rest_route=\/wp\/v2\/types\/page"}],"author":[{"embeddable":true,"href":"https:\/\/www.theater-aesch.ch\/index.php?rest_route=\/wp\/v2\/users\/2"}],"replies":[{"embeddable":true,"href":"https:\/\/www.theater-aesch.ch\/index.php?rest_route=%2Fwp%2Fv2%2Fcomments&post=37"}],"version-history":[{"count":8,"href":"https:\/\/www.theater-aesch.ch\/index.php?rest_route=\/wp\/v2\/pages\/37\/revisions"}],"predecessor-version":[{"id":596,"href":"https:\/\/www.theater-aesch.ch\/index.php?rest_route=\/wp\/v2\/pages\/37\/revisions\/596"}],"wp:attachment":[{"href":"https:\/\/www.theater-aesch.ch\/index.php?rest_route=%2Fwp%2Fv2%2Fmedia&parent=37"}],"curies":[{"name":"wp","href":"https:\/\/api.w.org\/{rel}","templated":true}]}}