{"id":27,"date":"2018-11-26T15:16:12","date_gmt":"2018-11-26T15:16:12","guid":{"rendered":"http:\/\/www.theater-aesch.ch\/?page_id=27"},"modified":"2018-11-26T15:16:12","modified_gmt":"2018-11-26T15:16:12","slug":"mitglieder","status":"publish","type":"page","link":"https:\/\/www.theater-aesch.ch\/?page_id=27","title":{"rendered":"Mitglieder"},"content":{"rendered":"<p>Zur Verst\u00e4rkung unseres Mehrgenerationen-Teams freuen wir uns immer wieder \u00fcber Zuwachs vor wie auch hinter der B\u00fchne. Auch Quereinsteiger sind herzlich willkommen.<\/p>\n<p><strong>Wir bieten<\/strong><\/p>\n<p>&#8211; zeitgem\u00e4sse Entl\u00f6hnung (Geselligkeit, Applaus sowie auch mal was zu essen oder trinken)<br \/>\n&#8211; eine spannende, abwechslungsreiche T\u00e4tigkeit<br \/>\n&#8211; 35 Wochen Ferien<br \/>\n&#8211; gute Sozialleistungen (z.B. j\u00e4hrlicher Team-Ausflug)<br \/>\n&#8211; die richtige Beleuchtung sowie die B\u00fchne f\u00fcr einen grossartigen Auftritt<\/p>\n<p><strong>Du bringst mit<\/strong><\/p>\n<p>&#8211; Zeit und Engagement<br \/>\n&#8211; Teamgeist<br \/>\n&#8211; gute Laune<\/p>\n<p>Haben wir dein Interesse geweckt? Dann freuen wir uns \u00fcber deine Kontaktaufnahme, entweder gleich per Mail\u00a0oder direkt bei einem unserer Mitglieder. <strong>Die Mailadresse findest du in der Fusszeile<\/strong>.<\/p>\n","protected":false},"excerpt":{"rendered":"<p>Zur Verst\u00e4rkung unseres Mehrgenerationen-Teams freuen wir uns immer wieder \u00fcber Zuwachs vor wie auch hinter der B\u00fchne. Auch Quereinsteiger sind herzlich willkommen. Wir bieten &#8211; zeitgem\u00e4sse Entl\u00f6hnung (Geselligkeit, Applaus sowie auch mal was zu essen oder trinken) &#8211; eine spannende, abwechslungsreiche T\u00e4tigkeit &#8211; 35 Wochen Ferien &#8211; gute Sozialleistungen (z.B. j\u00e4hrlicher Team-Ausflug) &#8211; die richtige [&hellip;]<\/p>\n","protected":false},"author":2,"featured_media":0,"parent":0,"menu_order":0,"comment_status":"closed","ping_status":"closed","template":"","meta":[],"_links":{"self":[{"href":"https:\/\/www.theater-aesch.ch\/index.php?rest_route=\/wp\/v2\/pages\/27"}],"collection":[{"href":"https:\/\/www.theater-aesch.ch\/index.php?rest_route=\/wp\/v2\/pages"}],"about":[{"href":"https:\/\/www.theater-aesch.ch\/index.php?rest_route=\/wp\/v2\/types\/page"}],"author":[{"embeddable":true,"href":"https:\/\/www.theater-aesch.ch\/index.php?rest_route=\/wp\/v2\/users\/2"}],"replies":[{"embeddable":true,"href":"https:\/\/www.theater-aesch.ch\/index.php?rest_route=%2Fwp%2Fv2%2Fcomments&post=27"}],"version-history":[{"count":1,"href":"https:\/\/www.theater-aesch.ch\/index.php?rest_route=\/wp\/v2\/pages\/27\/revisions"}],"predecessor-version":[{"id":28,"href":"https:\/\/www.theater-aesch.ch\/index.php?rest_route=\/wp\/v2\/pages\/27\/revisions\/28"}],"wp:attachment":[{"href":"https:\/\/www.theater-aesch.ch\/index.php?rest_route=%2Fwp%2Fv2%2Fmedia&parent=27"}],"curies":[{"name":"wp","href":"https:\/\/api.w.org\/{rel}","templated":true}]}}